{"id":700,"date":"2026-04-16T15:53:55","date_gmt":"2026-04-16T13:53:55","guid":{"rendered":"https:\/\/patchworksecrets.com\/?post_type=product&#038;p=700"},"modified":"2026-04-20T15:44:30","modified_gmt":"2026-04-20T13:44:30","slug":"solo-patchwork","status":"publish","type":"product","link":"https:\/\/patchworksecrets.com\/?product=solo-patchwork","title":{"rendered":"Solo Patchwork"},"content":{"rendered":"<p>Solo Patchwork es una obra muy especial: el primer libro de Sonia y Ana Alonso, publicado ya hace pr\u00e1cticamente una d\u00e9cada.<\/p>\n<p>Reconocidas como parte de las pioneras y figuras m\u00e1s representativas del patchwork country primitive en Espa\u00f1a, su trabajo ha alcanzado un importante reconocimiento en Europa, especialmente en Italia. Su estilo combina la esencia r\u00fastica del country con un car\u00e1cter artesanal lleno de personalidad.<\/p>\n<p>El libro re\u00fane 10 dise\u00f1os exclusivos, con patrones a tama\u00f1o natural, donde se refleja su universo creativo: piezas decorativas con escenas campestres, animales y motivos tradicionales reinterpretados con su inconfundible sello.<\/p>\n","protected":false},"excerpt":{"rendered":"<p>Revista&#8230;<\/p>\n","protected":false},"featured_media":690,"comment_status":"closed","ping_status":"closed","template":"","meta":{"_joinchat":[]},"product_brand":[],"product_cat":[21],"product_tag":[],"class_list":{"0":"post-700","1":"product","2":"type-product","3":"status-publish","4":"has-post-thumbnail","6":"product_cat-revista","8":"first","9":"instock","10":"virtual","11":"purchasable","12":"product-type-simple"},"_links":{"self":[{"href":"https:\/\/patchworksecrets.com\/index.php?rest_route=\/wp\/v2\/product\/700","targetHints":{"allow":["GET"]}}],"collection":[{"href":"https:\/\/patchworksecrets.com\/index.php?rest_route=\/wp\/v2\/product"}],"about":[{"href":"https:\/\/patchworksecrets.com\/index.php?rest_route=\/wp\/v2\/types\/product"}],"replies":[{"embeddable":true,"href":"https:\/\/patchworksecrets.com\/index.php?rest_route=%2Fwp%2Fv2%2Fcomments&post=700"}],"wp:featuredmedia":[{"embeddable":true,"href":"https:\/\/patchworksecrets.com\/index.php?rest_route=\/wp\/v2\/media\/690"}],"wp:attachment":[{"href":"https:\/\/patchworksecrets.com\/index.php?rest_route=%2Fwp%2Fv2%2Fmedia&parent=700"}],"wp:term":[{"taxonomy":"product_brand","embeddable":true,"href":"https:\/\/patchworksecrets.com\/index.php?rest_route=%2Fwp%2Fv2%2Fproduct_brand&post=700"},{"taxonomy":"product_cat","embeddable":true,"href":"https:\/\/patchworksecrets.com\/index.php?rest_route=%2Fwp%2Fv2%2Fproduct_cat&post=700"},{"taxonomy":"product_tag","embeddable":true,"href":"https:\/\/patchworksecrets.com\/index.php?rest_route=%2Fwp%2Fv2%2Fproduct_tag&post=700"}],"curies":[{"name":"wp","href":"https:\/\/api.w.org\/{rel}","templated":true}]}}