{"id":699,"date":"2026-04-16T15:51:50","date_gmt":"2026-04-16T13:51:50","guid":{"rendered":"https:\/\/patchworksecrets.com\/?post_type=product&#038;p=699"},"modified":"2026-04-20T16:06:55","modified_gmt":"2026-04-20T14:06:55","slug":"ovelhamania-ii","status":"publish","type":"product","link":"https:\/\/patchworksecrets.com\/?product=ovelhamania-ii","title":{"rendered":"Ovelhamania II"},"content":{"rendered":"<p>Ovelhamania II, de V\u00e2nia Rodrigues, es un libro de patchwork en estilo country que re\u00fane 10 dise\u00f1os con fotograf\u00edas y patrones a tama\u00f1o natural.<br \/>\nTodos los proyectos est\u00e1n inspirados en ovejitas, presentes en cada dise\u00f1o ya sea mediante aplicaciones o como motivo principal, aportando un aire dulce y acogedor. Una propuesta ideal para crear piezas decorativas con encanto artesanal y un toque c\u00e1lido y tradicional.<\/p>\n","protected":false},"excerpt":{"rendered":"<p>Revista&#8230;<\/p>\n","protected":false},"featured_media":688,"comment_status":"closed","ping_status":"closed","template":"","meta":{"_joinchat":[]},"product_brand":[],"product_cat":[21],"product_tag":[],"class_list":{"0":"post-699","1":"product","2":"type-product","3":"status-publish","4":"has-post-thumbnail","6":"product_cat-revista","8":"first","9":"instock","10":"virtual","11":"purchasable","12":"product-type-simple"},"_links":{"self":[{"href":"https:\/\/patchworksecrets.com\/index.php?rest_route=\/wp\/v2\/product\/699","targetHints":{"allow":["GET"]}}],"collection":[{"href":"https:\/\/patchworksecrets.com\/index.php?rest_route=\/wp\/v2\/product"}],"about":[{"href":"https:\/\/patchworksecrets.com\/index.php?rest_route=\/wp\/v2\/types\/product"}],"replies":[{"embeddable":true,"href":"https:\/\/patchworksecrets.com\/index.php?rest_route=%2Fwp%2Fv2%2Fcomments&post=699"}],"wp:featuredmedia":[{"embeddable":true,"href":"https:\/\/patchworksecrets.com\/index.php?rest_route=\/wp\/v2\/media\/688"}],"wp:attachment":[{"href":"https:\/\/patchworksecrets.com\/index.php?rest_route=%2Fwp%2Fv2%2Fmedia&parent=699"}],"wp:term":[{"taxonomy":"product_brand","embeddable":true,"href":"https:\/\/patchworksecrets.com\/index.php?rest_route=%2Fwp%2Fv2%2Fproduct_brand&post=699"},{"taxonomy":"product_cat","embeddable":true,"href":"https:\/\/patchworksecrets.com\/index.php?rest_route=%2Fwp%2Fv2%2Fproduct_cat&post=699"},{"taxonomy":"product_tag","embeddable":true,"href":"https:\/\/patchworksecrets.com\/index.php?rest_route=%2Fwp%2Fv2%2Fproduct_tag&post=699"}],"curies":[{"name":"wp","href":"https:\/\/api.w.org\/{rel}","templated":true}]}}