{"id":698,"date":"2026-04-16T15:49:25","date_gmt":"2026-04-16T13:49:25","guid":{"rendered":"https:\/\/patchworksecrets.com\/?post_type=product&#038;p=698"},"modified":"2026-04-20T15:50:00","modified_gmt":"2026-04-20T13:50:00","slug":"patcwork-secrets-85","status":"publish","type":"product","link":"https:\/\/patchworksecrets.com\/?product=patcwork-secrets-85","title":{"rendered":"Patcwork Secrets 85"},"content":{"rendered":"<p>En Patchwork Secrets 85 descubrir\u00e1s una colecci\u00f3n \u00fanica de proyectos firmados por grandes dise\u00f1adoras como Gloria Jim\u00e9nez, Olga Su\u00e1rez, Paqui Palaz\u00f3n, Mercedes Moreno, Carla Savoldelli, Ana Gal\u00e1n, V\u00e2nia Henriques, Vanesa Gil y Natalia Infantes.<\/p>\n<p>Destacan especialmente los encantadores dise\u00f1os navide\u00f1os de Gloria Jim\u00e9nez, como la bola de Navidad y el ratoncito \u201cCopo\u201d, junto al exitoso sombrero m\u00e1gico guarda retales de Olga Su\u00e1rez, una pieza tan pr\u00e1ctica como creativa.<\/p>\n<p>Completan el n\u00famero bolsos exclusivos, carpeta clasificadora, quilt internacional, mu\u00f1eca luminosa y un proyecto mystery, todo con patrones a tama\u00f1o natural y explicaciones detalladas para disfrutar creando sin l\u00edmites.<\/p>\n","protected":false},"excerpt":{"rendered":"<p>En Patchwork Secrets 85 descubrir\u00e1s una colecci\u00f3n \u00fanica de proyectos firmados por grandes dise\u00f1adoras como Gloria Jim\u00e9nez, Olga Su\u00e1rez, Paqui Palaz\u00f3n, Mercedes Moreno, Carla Savoldelli, Ana Gal\u00e1n, V\u00e2nia Henriques, Vanesa Gil y Natalia Infantes. Destacan especialmente los encantadores dise\u00f1os navide\u00f1os de Gloria Jim\u00e9nez, como la bola de Navidad y el ratoncito \u201cCopo\u201d, junto al exitoso [&hellip;]<\/p>\n","protected":false},"featured_media":686,"comment_status":"open","ping_status":"closed","template":"","meta":{"_joinchat":[]},"product_brand":[],"product_cat":[21],"product_tag":[],"class_list":{"0":"post-698","1":"product","2":"type-product","3":"status-publish","4":"has-post-thumbnail","6":"product_cat-revista","8":"first","9":"instock","10":"shipping-taxable","11":"purchasable","12":"product-type-simple"},"_links":{"self":[{"href":"https:\/\/patchworksecrets.com\/index.php?rest_route=\/wp\/v2\/product\/698","targetHints":{"allow":["GET"]}}],"collection":[{"href":"https:\/\/patchworksecrets.com\/index.php?rest_route=\/wp\/v2\/product"}],"about":[{"href":"https:\/\/patchworksecrets.com\/index.php?rest_route=\/wp\/v2\/types\/product"}],"replies":[{"embeddable":true,"href":"https:\/\/patchworksecrets.com\/index.php?rest_route=%2Fwp%2Fv2%2Fcomments&post=698"}],"wp:featuredmedia":[{"embeddable":true,"href":"https:\/\/patchworksecrets.com\/index.php?rest_route=\/wp\/v2\/media\/686"}],"wp:attachment":[{"href":"https:\/\/patchworksecrets.com\/index.php?rest_route=%2Fwp%2Fv2%2Fmedia&parent=698"}],"wp:term":[{"taxonomy":"product_brand","embeddable":true,"href":"https:\/\/patchworksecrets.com\/index.php?rest_route=%2Fwp%2Fv2%2Fproduct_brand&post=698"},{"taxonomy":"product_cat","embeddable":true,"href":"https:\/\/patchworksecrets.com\/index.php?rest_route=%2Fwp%2Fv2%2Fproduct_cat&post=698"},{"taxonomy":"product_tag","embeddable":true,"href":"https:\/\/patchworksecrets.com\/index.php?rest_route=%2Fwp%2Fv2%2Fproduct_tag&post=698"}],"curies":[{"name":"wp","href":"https:\/\/api.w.org\/{rel}","templated":true}]}}