{"id":667,"date":"2026-04-16T15:25:31","date_gmt":"2026-04-16T13:25:31","guid":{"rendered":"https:\/\/patchworksecrets.com\/?post_type=product&#038;p=667"},"modified":"2026-04-20T15:46:22","modified_gmt":"2026-04-20T13:46:22","slug":"patcwork-secrets-84","status":"publish","type":"product","link":"https:\/\/patchworksecrets.com\/?product=patcwork-secrets-84","title":{"rendered":"Patcwork Secrets 84"},"content":{"rendered":"<p>En Patchwork Secrets 84 descubrir\u00e1s una elegante colecci\u00f3n de proyectos como bolso, neceser, coronas navide\u00f1as y estuche de aplicaci\u00f3n, junto a un bloque mystery para disfrutar creando.<\/p>\n<p>Incluye patrones a tama\u00f1o natural y explicaciones detalladas para conseguir acabados impecables en cada pieza.<\/p>\n","protected":false},"excerpt":{"rendered":"<p>En Patchwork Secrets 84 descubrir\u00e1s una elegante colecci\u00f3n de proyectos como bolso, neceser, coronas navide\u00f1as y estuche de aplicaci\u00f3n, junto a un bloque mystery para disfrutar creando. Incluye patrones a tama\u00f1o natural y explicaciones detalladas para conseguir acabados impecables en cada pieza.<\/p>\n","protected":false},"featured_media":695,"comment_status":"open","ping_status":"closed","template":"","meta":{"_joinchat":[]},"product_brand":[],"product_cat":[21],"product_tag":[],"class_list":{"0":"post-667","1":"product","2":"type-product","3":"status-publish","4":"has-post-thumbnail","6":"product_cat-revista","8":"first","9":"instock","10":"shipping-taxable","11":"purchasable","12":"product-type-simple"},"_links":{"self":[{"href":"https:\/\/patchworksecrets.com\/index.php?rest_route=\/wp\/v2\/product\/667","targetHints":{"allow":["GET"]}}],"collection":[{"href":"https:\/\/patchworksecrets.com\/index.php?rest_route=\/wp\/v2\/product"}],"about":[{"href":"https:\/\/patchworksecrets.com\/index.php?rest_route=\/wp\/v2\/types\/product"}],"replies":[{"embeddable":true,"href":"https:\/\/patchworksecrets.com\/index.php?rest_route=%2Fwp%2Fv2%2Fcomments&post=667"}],"wp:featuredmedia":[{"embeddable":true,"href":"https:\/\/patchworksecrets.com\/index.php?rest_route=\/wp\/v2\/media\/695"}],"wp:attachment":[{"href":"https:\/\/patchworksecrets.com\/index.php?rest_route=%2Fwp%2Fv2%2Fmedia&parent=667"}],"wp:term":[{"taxonomy":"product_brand","embeddable":true,"href":"https:\/\/patchworksecrets.com\/index.php?rest_route=%2Fwp%2Fv2%2Fproduct_brand&post=667"},{"taxonomy":"product_cat","embeddable":true,"href":"https:\/\/patchworksecrets.com\/index.php?rest_route=%2Fwp%2Fv2%2Fproduct_cat&post=667"},{"taxonomy":"product_tag","embeddable":true,"href":"https:\/\/patchworksecrets.com\/index.php?rest_route=%2Fwp%2Fv2%2Fproduct_tag&post=667"}],"curies":[{"name":"wp","href":"https:\/\/api.w.org\/{rel}","templated":true}]}}