{"id":504,"date":"2026-04-08T12:20:15","date_gmt":"2026-04-08T10:20:15","guid":{"rendered":"https:\/\/patchworksecrets.com\/carrito\/"},"modified":"2026-04-08T12:38:50","modified_gmt":"2026-04-08T10:38:50","slug":"carrito","status":"publish","type":"page","link":"https:\/\/patchworksecrets.com\/?page_id=504","title":{"rendered":"Carrito"},"content":{"rendered":"\n<div data-block-name=\"woocommerce\/cart\" class=\"wp-block-woocommerce-cart alignwide is-loading\">\n<div data-block-name=\"woocommerce\/filled-cart-block\" class=\"wp-block-woocommerce-filled-cart-block\">\n<div data-block-name=\"woocommerce\/cart-items-block\" class=\"wp-block-woocommerce-cart-items-block\">\n<div data-block-name=\"woocommerce\/cart-line-items-block\" class=\"wp-block-woocommerce-cart-line-items-block\"><\/div>\n\n\n<\/div>\n\n\n\n\n<div data-block-name=\"woocommerce\/cart-totals-block\" class=\"wp-block-woocommerce-cart-totals-block\">\n<div data-block-name=\"woocommerce\/cart-order-summary-block\" class=\"wp-block-woocommerce-cart-order-summary-block\">\n<div data-block-name=\"woocommerce\/cart-order-summary-heading-block\" class=\"wp-block-woocommerce-cart-order-summary-heading-block\"><\/div><div data-block-name=\"woocommerce\/cart-order-summary-coupon-form-block\" class=\"wp-block-woocommerce-cart-order-summary-coupon-form-block\"><\/div><div data-block-name=\"woocommerce\/cart-order-summary-totals-block\" class=\"wp-block-woocommerce-cart-order-summary-totals-block\">\n<div data-block-name=\"woocommerce\/cart-order-summary-subtotal-block\" class=\"wp-block-woocommerce-cart-order-summary-subtotal-block\"><\/div>\n<div data-block-name=\"woocommerce\/cart-order-summary-discount-block\" class=\"wp-block-woocommerce-cart-order-summary-discount-block\"><\/div>\n<div data-block-name=\"woocommerce\/cart-order-summary-fee-block\" class=\"wp-block-woocommerce-cart-order-summary-fee-block\"><\/div>\n<div data-block-name=\"woocommerce\/cart-order-summary-shipping-block\" class=\"wp-block-woocommerce-cart-order-summary-shipping-block\"><\/div>\n<div data-block-name=\"woocommerce\/cart-order-summary-taxes-block\" class=\"wp-block-woocommerce-cart-order-summary-taxes-block\"><\/div><\/div>\n<\/div>\n\n\n\n<div data-block-name=\"woocommerce\/cart-express-payment-block\" class=\"wp-block-woocommerce-cart-express-payment-block\"><\/div>\n\n\n\n<div data-block-name=\"woocommerce\/proceed-to-checkout-block\" class=\"wp-block-woocommerce-proceed-to-checkout-block\"><\/div>\n\n\n\n<div data-block-name=\"woocommerce\/cart-accepted-payment-methods-block\" class=\"wp-block-woocommerce-cart-accepted-payment-methods-block\"><\/div>\n<\/div>\n<\/div>\n\n\n\n<div data-block-name=\"woocommerce\/empty-cart-block\" class=\"wp-block-woocommerce-empty-cart-block\">\n<h2 class=\"wp-block-heading has-text-align-center with-empty-cart-icon wc-block-cart__empty-cart__title\">\u00a1Tu carrito est\u00e1 actualmente vac\u00edo!<\/h2>\n\n\n\n<hr class=\"wp-block-separator has-alpha-channel-opacity is-style-dots\"\/>\n\n\n\n<h2 class=\"wp-block-heading has-text-align-center\">Nuevo en la tienda<\/h2>\n\n\n<div data-block-name=\"woocommerce\/product-new\" data-columns=\"4\" data-rows=\"1\" class=\"wc-block-grid wp-block-product-new wp-block-woocommerce-product-new wc-block-product-new has-4-columns\"><ul class=\"wc-block-grid__products\"><li class=\"wc-block-grid__product\">\n\t\t\t\t<a href=\"https:\/\/patchworksecrets.com\/?product=secrets-2\" class=\"wc-block-grid__product-link\">\n\t\t\t\t\t<div class=\"wc-block-grid__product-onsale\">\n\t\t\t<span aria-hidden=\"true\">Oferta<\/span>\n\t\t\t<span class=\"screen-reader-text\">Producto en oferta<\/span>\n\t\t<\/div>\n\t\t\t\t\t<div class=\"wc-block-grid__product-image\"><img fetchpriority=\"high\" decoding=\"async\" width=\"300\" height=\"300\" src=\"https:\/\/patchworksecrets.com\/wp-content\/uploads\/2026\/04\/8-1-300x300.png\" class=\"attachment-woocommerce_thumbnail size-woocommerce_thumbnail\" alt=\"Secrets + 2\" srcset=\"https:\/\/patchworksecrets.com\/wp-content\/uploads\/2026\/04\/8-1-300x300.png 300w, https:\/\/patchworksecrets.com\/wp-content\/uploads\/2026\/04\/8-1-150x150.png 150w, https:\/\/patchworksecrets.com\/wp-content\/uploads\/2026\/04\/8-1-768x768.png 768w, https:\/\/patchworksecrets.com\/wp-content\/uploads\/2026\/04\/8-1-600x600.png 600w, https:\/\/patchworksecrets.com\/wp-content\/uploads\/2026\/04\/8-1-100x100.png 100w, https:\/\/patchworksecrets.com\/wp-content\/uploads\/2026\/04\/8-1.png 1024w\" sizes=\"(max-width: 300px) 100vw, 300px\" \/><\/div>\n\t\t\t\t\t<div class=\"wc-block-grid__product-title\">Secrets + 2<\/div>\n\t\t\t\t<\/a>\n\t\t\t\t<div class=\"wc-block-grid__product-price price\"><del aria-hidden=\"true\"><span class=\"woocommerce-Price-amount amount\">19,00&nbsp;<span class=\"woocommerce-Price-currencySymbol\">&euro;<\/span><\/span><\/del> <span class=\"screen-reader-text\">El precio original era: 19,00&nbsp;&euro;.<\/span><ins aria-hidden=\"true\"><span class=\"woocommerce-Price-amount amount\">14,00&nbsp;<span class=\"woocommerce-Price-currencySymbol\">&euro;<\/span><\/span><\/ins><span class=\"screen-reader-text\">El precio actual es: 14,00&nbsp;&euro;.<\/span><\/div>\n\t\t\t\t\n\t\t\t\t<div class=\"wp-block-button wc-block-grid__product-add-to-cart\"><a href=\"\/index.php?rest_route=%2Fwp%2Fv2%2Fpages%2F504&#038;add-to-cart=810\" aria-label=\"A\u00f1adir al carrito: &ldquo;Secrets + 2&rdquo;\" data-quantity=\"1\" data-product_id=\"810\" data-product_sku=\"\" data-price=\"14\" rel=\"nofollow\" class=\"wp-block-button__link  add_to_cart_button ajax_add_to_cart\">A\u00f1adir al carrito<\/a><\/div>\n\t\t\t<\/li><li class=\"wc-block-grid__product\">\n\t\t\t\t<a href=\"https:\/\/patchworksecrets.com\/?product=secrets-1\" class=\"wc-block-grid__product-link\">\n\t\t\t\t\t<div class=\"wc-block-grid__product-onsale\">\n\t\t\t<span aria-hidden=\"true\">Oferta<\/span>\n\t\t\t<span class=\"screen-reader-text\">Producto en oferta<\/span>\n\t\t<\/div>\n\t\t\t\t\t<div class=\"wc-block-grid__product-image\"><img decoding=\"async\" width=\"300\" height=\"300\" src=\"https:\/\/patchworksecrets.com\/wp-content\/uploads\/2026\/04\/9-1-300x300.png\" class=\"attachment-woocommerce_thumbnail size-woocommerce_thumbnail\" alt=\"Secrets + 1\" srcset=\"https:\/\/patchworksecrets.com\/wp-content\/uploads\/2026\/04\/9-1-300x300.png 300w, https:\/\/patchworksecrets.com\/wp-content\/uploads\/2026\/04\/9-1-150x150.png 150w, https:\/\/patchworksecrets.com\/wp-content\/uploads\/2026\/04\/9-1-768x768.png 768w, https:\/\/patchworksecrets.com\/wp-content\/uploads\/2026\/04\/9-1-600x600.png 600w, https:\/\/patchworksecrets.com\/wp-content\/uploads\/2026\/04\/9-1-100x100.png 100w, https:\/\/patchworksecrets.com\/wp-content\/uploads\/2026\/04\/9-1.png 1024w\" sizes=\"(max-width: 300px) 100vw, 300px\" \/><\/div>\n\t\t\t\t\t<div class=\"wc-block-grid__product-title\">Secrets + 1<\/div>\n\t\t\t\t<\/a>\n\t\t\t\t<div class=\"wc-block-grid__product-price price\"><del aria-hidden=\"true\"><span class=\"woocommerce-Price-amount amount\">19,00&nbsp;<span class=\"woocommerce-Price-currencySymbol\">&euro;<\/span><\/span><\/del> <span class=\"screen-reader-text\">El precio original era: 19,00&nbsp;&euro;.<\/span><ins aria-hidden=\"true\"><span class=\"woocommerce-Price-amount amount\">14,00&nbsp;<span class=\"woocommerce-Price-currencySymbol\">&euro;<\/span><\/span><\/ins><span class=\"screen-reader-text\">El precio actual es: 14,00&nbsp;&euro;.<\/span><\/div>\n\t\t\t\t\n\t\t\t\t<div class=\"wp-block-button wc-block-grid__product-add-to-cart\"><a href=\"\/index.php?rest_route=%2Fwp%2Fv2%2Fpages%2F504&#038;add-to-cart=806\" aria-label=\"A\u00f1adir al carrito: &ldquo;Secrets + 1&rdquo;\" data-quantity=\"1\" data-product_id=\"806\" data-product_sku=\"\" data-price=\"14\" rel=\"nofollow\" class=\"wp-block-button__link  add_to_cart_button ajax_add_to_cart\">A\u00f1adir al carrito<\/a><\/div>\n\t\t\t<\/li><li class=\"wc-block-grid__product\">\n\t\t\t\t<a href=\"https:\/\/patchworksecrets.com\/?product=carrete-decorativo-de-madera-estilo-vintage\" class=\"wc-block-grid__product-link\">\n\t\t\t\t\t\n\t\t\t\t\t<div class=\"wc-block-grid__product-image\"><img decoding=\"async\" width=\"300\" height=\"300\" src=\"https:\/\/patchworksecrets.com\/wp-content\/uploads\/2026\/04\/Diseno-sin-titulo-2026-04-16T160740.760-1-300x300.png\" class=\"attachment-woocommerce_thumbnail size-woocommerce_thumbnail\" alt=\"Carrete decorativo de madera estilo vintage\" srcset=\"https:\/\/patchworksecrets.com\/wp-content\/uploads\/2026\/04\/Diseno-sin-titulo-2026-04-16T160740.760-1-300x300.png 300w, https:\/\/patchworksecrets.com\/wp-content\/uploads\/2026\/04\/Diseno-sin-titulo-2026-04-16T160740.760-1-150x150.png 150w, https:\/\/patchworksecrets.com\/wp-content\/uploads\/2026\/04\/Diseno-sin-titulo-2026-04-16T160740.760-1-768x768.png 768w, https:\/\/patchworksecrets.com\/wp-content\/uploads\/2026\/04\/Diseno-sin-titulo-2026-04-16T160740.760-1-600x600.png 600w, https:\/\/patchworksecrets.com\/wp-content\/uploads\/2026\/04\/Diseno-sin-titulo-2026-04-16T160740.760-1-100x100.png 100w, https:\/\/patchworksecrets.com\/wp-content\/uploads\/2026\/04\/Diseno-sin-titulo-2026-04-16T160740.760-1.png 1024w\" sizes=\"(max-width: 300px) 100vw, 300px\" \/><\/div>\n\t\t\t\t\t<div class=\"wc-block-grid__product-title\">Carrete decorativo de madera estilo vintage<\/div>\n\t\t\t\t<\/a>\n\t\t\t\t<div class=\"wc-block-grid__product-price price\"><span class=\"woocommerce-Price-amount amount\">10,00&nbsp;<span class=\"woocommerce-Price-currencySymbol\">&euro;<\/span><\/span><\/div>\n\t\t\t\t\n\t\t\t\t<div class=\"wp-block-button wc-block-grid__product-add-to-cart\"><a href=\"\/index.php?rest_route=%2Fwp%2Fv2%2Fpages%2F504&#038;add-to-cart=744\" aria-label=\"A\u00f1adir al carrito: &ldquo;Carrete decorativo de madera estilo vintage&rdquo;\" data-quantity=\"1\" data-product_id=\"744\" data-product_sku=\"\" data-price=\"10\" rel=\"nofollow\" class=\"wp-block-button__link  add_to_cart_button ajax_add_to_cart\">A\u00f1adir al carrito<\/a><\/div>\n\t\t\t<\/li><li class=\"wc-block-grid__product\">\n\t\t\t\t<a href=\"https:\/\/patchworksecrets.com\/?product=estrella-decorativa-metalica-efecto-oxido\" class=\"wc-block-grid__product-link\">\n\t\t\t\t\t\n\t\t\t\t\t<div class=\"wc-block-grid__product-image\"><img loading=\"lazy\" decoding=\"async\" width=\"300\" height=\"300\" src=\"https:\/\/patchworksecrets.com\/wp-content\/uploads\/2026\/04\/Diseno-sin-titulo-1-300x300.png\" class=\"attachment-woocommerce_thumbnail size-woocommerce_thumbnail\" alt=\"Estrella decorativa met\u00e1lica efecto \u00f3xido\" srcset=\"https:\/\/patchworksecrets.com\/wp-content\/uploads\/2026\/04\/Diseno-sin-titulo-1-300x300.png 300w, https:\/\/patchworksecrets.com\/wp-content\/uploads\/2026\/04\/Diseno-sin-titulo-1-150x150.png 150w, https:\/\/patchworksecrets.com\/wp-content\/uploads\/2026\/04\/Diseno-sin-titulo-1-768x768.png 768w, https:\/\/patchworksecrets.com\/wp-content\/uploads\/2026\/04\/Diseno-sin-titulo-1-600x600.png 600w, https:\/\/patchworksecrets.com\/wp-content\/uploads\/2026\/04\/Diseno-sin-titulo-1-100x100.png 100w, https:\/\/patchworksecrets.com\/wp-content\/uploads\/2026\/04\/Diseno-sin-titulo-1.png 1024w\" sizes=\"(max-width: 300px) 100vw, 300px\" \/><\/div>\n\t\t\t\t\t<div class=\"wc-block-grid__product-title\">Estrella decorativa met\u00e1lica efecto \u00f3xido<\/div>\n\t\t\t\t<\/a>\n\t\t\t\t<div class=\"wc-block-grid__product-price price\"><span class=\"woocommerce-Price-amount amount\">18,00&nbsp;<span class=\"woocommerce-Price-currencySymbol\">&euro;<\/span><\/span><\/div>\n\t\t\t\t\n\t\t\t\t<div class=\"wp-block-button wc-block-grid__product-add-to-cart\"><a href=\"\/index.php?rest_route=%2Fwp%2Fv2%2Fpages%2F504&#038;add-to-cart=740\" aria-label=\"A\u00f1adir al carrito: &ldquo;Estrella decorativa met\u00e1lica efecto \u00f3xido&rdquo;\" data-quantity=\"1\" data-product_id=\"740\" data-product_sku=\"\" data-price=\"18\" rel=\"nofollow\" class=\"wp-block-button__link  add_to_cart_button ajax_add_to_cart\">A\u00f1adir al carrito<\/a><\/div>\n\t\t\t<\/li><\/ul><\/div><\/div>\n<\/div>\n","protected":false},"excerpt":{"rendered":"","protected":false},"author":1,"featured_media":0,"parent":0,"menu_order":0,"comment_status":"closed","ping_status":"closed","template":"","meta":{"_joinchat":[],"footnotes":""},"class_list":["post-504","page","type-page","status-publish","hentry"],"_links":{"self":[{"href":"https:\/\/patchworksecrets.com\/index.php?rest_route=\/wp\/v2\/pages\/504","targetHints":{"allow":["GET"]}}],"collection":[{"href":"https:\/\/patchworksecrets.com\/index.php?rest_route=\/wp\/v2\/pages"}],"about":[{"href":"https:\/\/patchworksecrets.com\/index.php?rest_route=\/wp\/v2\/types\/page"}],"author":[{"embeddable":true,"href":"https:\/\/patchworksecrets.com\/index.php?rest_route=\/wp\/v2\/users\/1"}],"replies":[{"embeddable":true,"href":"https:\/\/patchworksecrets.com\/index.php?rest_route=%2Fwp%2Fv2%2Fcomments&post=504"}],"version-history":[{"count":1,"href":"https:\/\/patchworksecrets.com\/index.php?rest_route=\/wp\/v2\/pages\/504\/revisions"}],"predecessor-version":[{"id":514,"href":"https:\/\/patchworksecrets.com\/index.php?rest_route=\/wp\/v2\/pages\/504\/revisions\/514"}],"wp:attachment":[{"href":"https:\/\/patchworksecrets.com\/index.php?rest_route=%2Fwp%2Fv2%2Fmedia&parent=504"}],"curies":[{"name":"wp","href":"https:\/\/api.w.org\/{rel}","templated":true}]}}