{"id":20,"date":"2026-03-26T11:39:02","date_gmt":"2026-03-26T10:39:02","guid":{"rendered":"https:\/\/test.ewyt.es\/PatchworkSecrets\/?page_id=20"},"modified":"2026-04-17T17:14:14","modified_gmt":"2026-04-17T15:14:14","slug":"sobre-nosotros","status":"publish","type":"page","link":"https:\/\/patchworksecrets.com\/?page_id=20","title":{"rendered":"SOBRE NOSOTROS"},"content":{"rendered":"\t\t<div data-elementor-type=\"wp-page\" data-elementor-id=\"20\" class=\"elementor elementor-20\" data-elementor-post-type=\"page\">\n\t\t\t\t<div class=\"elementor-element elementor-element-b2137c7 e-flex e-con-boxed e-con e-parent\" data-id=\"b2137c7\" data-element_type=\"container\" data-e-type=\"container\" data-settings=\"{&quot;background_background&quot;:&quot;classic&quot;}\">\n\t\t\t\t\t<div class=\"e-con-inner\">\n\t\t\t\t<div class=\"elementor-element elementor-element-7466ec0 elementor-widget elementor-widget-heading\" data-id=\"7466ec0\" data-element_type=\"widget\" data-e-type=\"widget\" data-widget_type=\"heading.default\">\n\t\t\t\t\t<h3 class=\"elementor-heading-title elementor-size-default\">NUESTRA HISTORIA<\/h3>\t\t\t\t<\/div>\n\t\t\t\t<div class=\"elementor-element elementor-element-930fb6d elementor-widget elementor-widget-heading\" data-id=\"930fb6d\" data-element_type=\"widget\" data-e-type=\"widget\" data-widget_type=\"heading.default\">\n\t\t\t\t\t<h2 class=\"elementor-heading-title elementor-size-default\">Sobre Patchwork Secrets<\/h2>\t\t\t\t<\/div>\n\t\t\t\t\t<\/div>\n\t\t\t\t<\/div>\n\t\t<div class=\"elementor-element elementor-element-6473520 e-flex e-con-boxed e-con e-parent\" data-id=\"6473520\" data-element_type=\"container\" data-e-type=\"container\" data-settings=\"{&quot;background_background&quot;:&quot;classic&quot;}\">\n\t\t\t\t\t<div class=\"e-con-inner\">\n\t\t<div class=\"elementor-element elementor-element-01e7eef e-con-full e-flex e-con e-child\" data-id=\"01e7eef\" data-element_type=\"container\" data-e-type=\"container\">\n\t\t\t\t<div class=\"elementor-element elementor-element-46e1fd8 elementor-widget elementor-widget-image\" data-id=\"46e1fd8\" data-element_type=\"widget\" data-e-type=\"widget\" data-widget_type=\"image.default\">\n\t\t\t\t\t\t\t\t\t\t\t\t\t\t\t<img fetchpriority=\"high\" decoding=\"async\" width=\"1128\" height=\"1600\" src=\"https:\/\/patchworksecrets.com\/wp-content\/uploads\/2026\/04\/WhatsApp-Image-2026-04-17-at-17.11.43.jpeg\" class=\"attachment-full size-full wp-image-771\" alt=\"\" srcset=\"https:\/\/patchworksecrets.com\/wp-content\/uploads\/2026\/04\/WhatsApp-Image-2026-04-17-at-17.11.43.jpeg 1128w, https:\/\/patchworksecrets.com\/wp-content\/uploads\/2026\/04\/WhatsApp-Image-2026-04-17-at-17.11.43-212x300.jpeg 212w, https:\/\/patchworksecrets.com\/wp-content\/uploads\/2026\/04\/WhatsApp-Image-2026-04-17-at-17.11.43-722x1024.jpeg 722w, https:\/\/patchworksecrets.com\/wp-content\/uploads\/2026\/04\/WhatsApp-Image-2026-04-17-at-17.11.43-768x1089.jpeg 768w, https:\/\/patchworksecrets.com\/wp-content\/uploads\/2026\/04\/WhatsApp-Image-2026-04-17-at-17.11.43-1083x1536.jpeg 1083w, https:\/\/patchworksecrets.com\/wp-content\/uploads\/2026\/04\/WhatsApp-Image-2026-04-17-at-17.11.43-600x851.jpeg 600w\" sizes=\"(max-width: 1128px) 100vw, 1128px\" \/>\t\t\t\t\t\t\t\t\t\t\t\t\t\t\t<\/div>\n\t\t\t\t<\/div>\n\t\t<div class=\"elementor-element elementor-element-5ec6767 e-con-full e-flex e-con e-child\" data-id=\"5ec6767\" data-element_type=\"container\" data-e-type=\"container\">\n\t\t\t\t<div class=\"elementor-element elementor-element-f957e6c elementor-widget-mobile__width-initial elementor-widget elementor-widget-text-editor\" data-id=\"f957e6c\" data-element_type=\"widget\" data-e-type=\"widget\" id=\"texto\" data-widget_type=\"text-editor.default\">\n\t\t\t\t\t\t\t\t\t<p>\ud83c\uddea\ud83c\uddf8 Espa\u00f1ol<br \/>Patchwork Secrets naci\u00f3 hace m\u00e1s de 23 a\u00f1os con un sue\u00f1o: crear la primera revista de patchwork de referencia en Espa\u00f1a. Desde aquel primer n\u00famero, supimos que no solo est\u00e1bamos publicando patrones, sino construyendo algo mucho m\u00e1s grande: una comunidad.<br \/>A lo largo de todo este tiempo, hemos ido creciendo poco a poco, creando diferentes revistas y libros de patchwork, y dando forma a un universo creativo que hoy sigue vivo gracias a vosotras.<br \/>En el camino, hemos tenido la suerte de contar con muchas artistas, no solo espa\u00f1olas, sino tambi\u00e9n portuguesas e italianas, que han compartido su talento y su pasi\u00f3n. Y as\u00ed, casi sin darnos cuenta, el patchwork ha ido entrando en miles de hogares en Espa\u00f1a, Portugal, Italia y tambi\u00e9n en Latinoam\u00e9rica.<br \/>Porque Patchwork Secrets no es solo una revista. Es un espacio compartido, una forma de conectar, un lugar donde cada una puede crear, aprender y disfrutar de este arte.<br \/>Cada puntada cuenta una historia. Cada n\u00famero es una nueva oportunidad para inspirarse. Y cada lectora forma parte de algo mucho m\u00e1s grande.<br \/>Gracias por estar ah\u00ed. Gracias por seguir confiando en nosotros.<br \/><br \/><\/p>\t\t\t\t\t\t\t\t<\/div>\n\t\t\t\t<div class=\"elementor-element elementor-element-3a57b56 elementor-widget-mobile__width-initial elementor-widget elementor-widget-text-editor\" data-id=\"3a57b56\" data-element_type=\"widget\" data-e-type=\"widget\" id=\"texto\" data-widget_type=\"text-editor.default\">\n\t\t\t\t\t\t\t\t\t<p>\ud83c\uddee\ud83c\uddf9 Italiano<br \/>Patchwork Secrets \u00e8 nata pi\u00f9 di 23 anni fa con un sogno: creare la prima rivista di patchwork di riferimento in Spagna. Fin dal primo numero abbiamo capito che non stavamo solo pubblicando modelli, ma costruendo qualcosa di molto pi\u00f9 grande: una comunit\u00e0.<br \/>Nel corso di tutto questo tempo siamo cresciuti poco a poco, creando diverse riviste e libri di patchwork, dando forma a un universo creativo che oggi continua a vivere grazie a voi.<br \/>Lungo il cammino, abbiamo avuto la fortuna di collaborare con tante artiste, non solo spagnole, ma anche portoghesi e italiane, che hanno condiviso il loro talento e la loro passione. E cos\u00ec, quasi senza accorgercene, il patchwork \u00e8 entrato in migliaia di case in Spagna, Portogallo, Italia e anche in America Latina.<br \/>Perch\u00e9 Patchwork Secrets non \u00e8 solo una rivista. \u00c8 uno spazio condiviso, un modo per connettersi, un luogo dove ognuna pu\u00f2 creare, imparare e godersi quest\u2019arte.<br \/>Ogni punto racconta una storia. Ogni numero \u00e8 una nuova occasione per lasciarsi ispirare. E ogni lettrice fa parte di qualcosa di molto pi\u00f9 grande.<br \/>Grazie per esserci. Grazie per continuare a credere in noi.<\/p>\t\t\t\t\t\t\t\t<\/div>\n\t\t\t\t<\/div>\n\t\t\t\t\t<\/div>\n\t\t\t\t<\/div>\n\t\t\t\t<\/div>\n\t\t","protected":false},"excerpt":{"rendered":"<p>NUESTRA HISTORIA Sobre Patchwork Secrets \ud83c\uddea\ud83c\uddf8 Espa\u00f1olPatchwork Secrets naci\u00f3 hace m\u00e1s de 23 a\u00f1os con un sue\u00f1o: crear la primera revista de patchwork de referencia en Espa\u00f1a. Desde aquel primer n\u00famero, supimos que no solo est\u00e1bamos publicando patrones, sino construyendo algo mucho m\u00e1s grande: una comunidad.A lo largo de todo este tiempo, hemos ido creciendo [&hellip;]<\/p>\n","protected":false},"author":1,"featured_media":0,"parent":0,"menu_order":0,"comment_status":"closed","ping_status":"closed","template":"","meta":{"_joinchat":[],"footnotes":""},"class_list":["post-20","page","type-page","status-publish","hentry"],"_links":{"self":[{"href":"https:\/\/patchworksecrets.com\/index.php?rest_route=\/wp\/v2\/pages\/20","targetHints":{"allow":["GET"]}}],"collection":[{"href":"https:\/\/patchworksecrets.com\/index.php?rest_route=\/wp\/v2\/pages"}],"about":[{"href":"https:\/\/patchworksecrets.com\/index.php?rest_route=\/wp\/v2\/types\/page"}],"author":[{"embeddable":true,"href":"https:\/\/patchworksecrets.com\/index.php?rest_route=\/wp\/v2\/users\/1"}],"replies":[{"embeddable":true,"href":"https:\/\/patchworksecrets.com\/index.php?rest_route=%2Fwp%2Fv2%2Fcomments&post=20"}],"version-history":[{"count":175,"href":"https:\/\/patchworksecrets.com\/index.php?rest_route=\/wp\/v2\/pages\/20\/revisions"}],"predecessor-version":[{"id":777,"href":"https:\/\/patchworksecrets.com\/index.php?rest_route=\/wp\/v2\/pages\/20\/revisions\/777"}],"wp:attachment":[{"href":"https:\/\/patchworksecrets.com\/index.php?rest_route=%2Fwp%2Fv2%2Fmedia&parent=20"}],"curies":[{"name":"wp","href":"https:\/\/api.w.org\/{rel}","templated":true}]}}